{"id":12374,"date":"2026-03-19T14:49:07","date_gmt":"2026-03-19T13:49:07","guid":{"rendered":"https:\/\/stephengueye.com\/66\/?page_id=12374"},"modified":"2026-03-19T16:52:22","modified_gmt":"2026-03-19T15:52:22","slug":"accueil-2","status":"publish","type":"page","link":"https:\/\/stephengueye.com\/66\/","title":{"rendered":"Accueil"},"content":{"rendered":"\t\t<div data-elementor-type=\"wp-page\" data-elementor-id=\"12374\" class=\"elementor elementor-12374\">\n\t\t\t\t<div class=\"elementor-element elementor-element-6bc2487 e-flex e-con-boxed e-con e-parent\" data-id=\"6bc2487\" data-element_type=\"container\">\n\t\t\t\t\t<div class=\"e-con-inner\">\n\t\t\t\t<div class=\"elementor-element elementor-element-0a32f3a exad-sticky-section-no exad-glass-effect-no elementor-widget elementor-widget-spacer\" data-id=\"0a32f3a\" data-element_type=\"widget\" data-widget_type=\"spacer.default\">\n\t\t\t\t<div class=\"elementor-widget-container\">\n\t\t\t\t\t\t\t<div class=\"elementor-spacer\">\n\t\t\t<div class=\"elementor-spacer-inner\"><\/div>\n\t\t<\/div>\n\t\t\t\t\t\t<\/div>\n\t\t\t\t<\/div>\n\t\t<div class=\"elementor-element elementor-element-b4b38f1 e-grid e-con-boxed e-con e-child\" data-id=\"b4b38f1\" data-element_type=\"container\">\n\t\t\t\t\t<div class=\"e-con-inner\">\n\t\t<div class=\"elementor-element elementor-element-bf9366a e-grid e-con-boxed e-con e-child\" data-id=\"bf9366a\" data-element_type=\"container\">\n\t\t\t\t\t<div class=\"e-con-inner\">\n\t\t\t\t<div class=\"elementor-element elementor-element-e5c82f1 exad-sticky-section-no exad-glass-effect-no elementor-widget elementor-widget-image\" data-id=\"e5c82f1\" data-element_type=\"widget\" data-widget_type=\"image.default\">\n\t\t\t\t<div class=\"elementor-widget-container\">\n\t\t\t\t\t\t\t\t\t\t\t\t\t\t\t<img fetchpriority=\"high\" decoding=\"async\" width=\"800\" height=\"803\" src=\"https:\/\/stephengueye.com\/66\/wp-content\/uploads\/2026\/03\/Cadre.png\" class=\"attachment-large size-large wp-image-12401\" alt=\"\" srcset=\"https:\/\/stephengueye.com\/66\/wp-content\/uploads\/2026\/03\/Cadre.png 800w, https:\/\/stephengueye.com\/66\/wp-content\/uploads\/2026\/03\/Cadre-300x300.png 300w, https:\/\/stephengueye.com\/66\/wp-content\/uploads\/2026\/03\/Cadre-150x150.png 150w, https:\/\/stephengueye.com\/66\/wp-content\/uploads\/2026\/03\/Cadre-768x771.png 768w\" sizes=\"(max-width: 800px) 100vw, 800px\" \/>\t\t\t\t\t\t\t\t\t\t\t\t\t\t\t<\/div>\n\t\t\t\t<\/div>\n\t\t\t\t<div class=\"elementor-element elementor-element-dac10a7 exad-sticky-section-no exad-glass-effect-no elementor-widget elementor-widget-text-editor\" data-id=\"dac10a7\" data-element_type=\"widget\" data-widget_type=\"text-editor.default\">\n\t\t\t\t<div class=\"elementor-widget-container\">\n\t\t\t\t\t\t\t\t\t<p>Je fusionne mon activit\u00e9 de formateur consultant avec le site <strong><a href=\"http:\/\/www.altioraformation.fr\">Altiora Formations<\/a><\/strong> dont l&rsquo;offre compl\u00e8te est assur\u00e9e <br \/>par moi-m\u00eame et \u00e9galement par des partenaires experts <br \/>dans leur domaines.<\/p><h6><span style=\"font-weight: normal;\">Microsoft | Adobe | DigitalWeb<br \/>Marketing | Commerce | Management.<\/span><\/h6><div><p><b>Stephen Gueye<\/b><\/p><h6><span style=\"font-weight: normal;\">Fevrier 2026<\/span><\/h6><\/div>\t\t\t\t\t\t\t\t<\/div>\n\t\t\t\t<\/div>\n\t\t\t\t\t<\/div>\n\t\t\t\t<\/div>\n\t\t\t\t<div class=\"exad-link-anything-wrapper elementor-element elementor-element-a8dac74 exad-sticky-section-no exad-glass-effect-no elementor-widget elementor-widget-image\" data-exad-element-link=\"{&quot;url&quot;:&quot;https:\\\/\\\/www.altioraformation.fr&quot;,&quot;is_external&quot;:&quot;&quot;,&quot;nofollow&quot;:&quot;&quot;,&quot;custom_attributes&quot;:&quot;&quot;}\" style=\"cursor: pointer\" data-id=\"a8dac74\" data-element_type=\"widget\" data-widget_type=\"image.default\">\n\t\t\t\t<div class=\"elementor-widget-container\">\n\t\t\t\t\t\t\t\t\t\t\t\t\t\t\t\t<a href=\"http:\/\/www.altioraformation.fr\">\n\t\t\t\t\t\t\t<img decoding=\"async\" width=\"768\" height=\"768\" src=\"https:\/\/stephengueye.com\/66\/wp-content\/uploads\/2026\/03\/CouvCatalogue2026-2-768x768.png\" class=\"attachment-medium_large size-medium_large wp-image-12399\" alt=\"\" srcset=\"https:\/\/stephengueye.com\/66\/wp-content\/uploads\/2026\/03\/CouvCatalogue2026-2-768x768.png 768w, https:\/\/stephengueye.com\/66\/wp-content\/uploads\/2026\/03\/CouvCatalogue2026-2-300x300.png 300w, https:\/\/stephengueye.com\/66\/wp-content\/uploads\/2026\/03\/CouvCatalogue2026-2-1024x1024.png 1024w, https:\/\/stephengueye.com\/66\/wp-content\/uploads\/2026\/03\/CouvCatalogue2026-2-150x150.png 150w, https:\/\/stephengueye.com\/66\/wp-content\/uploads\/2026\/03\/CouvCatalogue2026-2.png 1200w\" sizes=\"(max-width: 768px) 100vw, 768px\" \/>\t\t\t\t\t\t\t\t<\/a>\n\t\t\t\t\t\t\t\t\t\t\t\t\t\t\t<\/div>\n\t\t\t\t<\/div>\n\t\t\t\t<div class=\"elementor-element elementor-element-51f468b exad-sticky-section-no exad-glass-effect-no elementor-widget elementor-widget-spacer\" data-id=\"51f468b\" data-element_type=\"widget\" data-widget_type=\"spacer.default\">\n\t\t\t\t<div class=\"elementor-widget-container\">\n\t\t\t\t\t\t\t<div class=\"elementor-spacer\">\n\t\t\t<div class=\"elementor-spacer-inner\"><\/div>\n\t\t<\/div>\n\t\t\t\t\t\t<\/div>\n\t\t\t\t<\/div>\n\t\t\t\t\t<\/div>\n\t\t\t\t<\/div>\n\t\t\t\t\t<\/div>\n\t\t\t\t<\/div>\n\t\t\t\t<\/div>\n\t\t","protected":false},"excerpt":{"rendered":"<p>Je fusionne mon activit\u00e9 de formateur consultant avec le site Altiora Formations dont l&rsquo;offre compl\u00e8te est assur\u00e9e par moi-m\u00eame et \u00e9galement par des partenaires experts dans leur domaines. Microsoft | Adobe | DigitalWebMarketing | Commerce | Management. Stephen Gueye Fevrier 2026<\/p>\n","protected":false},"author":1,"featured_media":0,"parent":0,"menu_order":0,"comment_status":"closed","ping_status":"closed","template":"","meta":{"postBodyCss":"","postBodyMargin":[],"postBodyPadding":[],"postBodyBackground":{"backgroundType":"classic","gradient":""},"_kad_post_transparent":"","_kad_post_title":"hide","_kad_post_layout":"fullwidth","_kad_post_sidebar_id":"","_kad_post_content_style":"unboxed","_kad_post_vertical_padding":"hide","_kad_post_feature":"hide","_kad_post_feature_position":"","_kad_post_header":false,"_kad_post_footer":false,"_kad_post_classname":"","footnotes":""},"class_list":["post-12374","page","type-page","status-publish","hentry"],"yoast_head":"<!-- This site is optimized with the Yoast SEO plugin v26.7 - https:\/\/yoast.com\/wordpress\/plugins\/seo\/ -->\n<title>Accueil - Stephen Gueye<\/title>\n<meta name=\"robots\" content=\"index, follow, max-snippet:-1, max-image-preview:large, max-video-preview:-1\" \/>\n<link rel=\"canonical\" href=\"https:\/\/stephengueye.com\/66\/\" \/>\n<meta property=\"og:locale\" content=\"fr_FR\" \/>\n<meta property=\"og:type\" content=\"article\" \/>\n<meta property=\"og:title\" content=\"Accueil - Stephen Gueye\" \/>\n<meta property=\"og:description\" content=\"Je fusionne mon activit\u00e9 de formateur consultant avec le site Altiora Formations dont l&rsquo;offre compl\u00e8te est assur\u00e9e par moi-m\u00eame et \u00e9galement par des partenaires experts dans leur domaines. Microsoft | Adobe | DigitalWebMarketing | Commerce | Management. Stephen Gueye Fevrier 2026\" \/>\n<meta property=\"og:url\" content=\"https:\/\/stephengueye.com\/66\/\" \/>\n<meta property=\"og:site_name\" content=\"Stephen Gueye\" \/>\n<meta property=\"article:modified_time\" content=\"2026-03-19T15:52:22+00:00\" \/>\n<meta property=\"og:image\" content=\"http:\/\/stephengueye.com\/66\/wp-content\/uploads\/2026\/03\/Cadre.png\" \/>\n<meta name=\"twitter:card\" content=\"summary_large_image\" \/>\n<meta name=\"twitter:label1\" content=\"Dur\u00e9e de lecture estim\u00e9e\" \/>\n\t<meta name=\"twitter:data1\" content=\"1 minute\" \/>\n<script type=\"application\/ld+json\" class=\"yoast-schema-graph\">{\"@context\":\"https:\/\/schema.org\",\"@graph\":[{\"@type\":\"WebPage\",\"@id\":\"https:\/\/stephengueye.com\/66\/\",\"url\":\"https:\/\/stephengueye.com\/66\/\",\"name\":\"Accueil - Stephen Gueye\",\"isPartOf\":{\"@id\":\"https:\/\/stephengueye.com\/66\/#website\"},\"primaryImageOfPage\":{\"@id\":\"https:\/\/stephengueye.com\/66\/#primaryimage\"},\"image\":{\"@id\":\"https:\/\/stephengueye.com\/66\/#primaryimage\"},\"thumbnailUrl\":\"http:\/\/stephengueye.com\/66\/wp-content\/uploads\/2026\/03\/Cadre.png\",\"datePublished\":\"2026-03-19T13:49:07+00:00\",\"dateModified\":\"2026-03-19T15:52:22+00:00\",\"breadcrumb\":{\"@id\":\"https:\/\/stephengueye.com\/66\/#breadcrumb\"},\"inLanguage\":\"fr-FR\",\"potentialAction\":[{\"@type\":\"ReadAction\",\"target\":[\"https:\/\/stephengueye.com\/66\/\"]}]},{\"@type\":\"ImageObject\",\"inLanguage\":\"fr-FR\",\"@id\":\"https:\/\/stephengueye.com\/66\/#primaryimage\",\"url\":\"https:\/\/stephengueye.com\/66\/wp-content\/uploads\/2026\/03\/Cadre.png\",\"contentUrl\":\"https:\/\/stephengueye.com\/66\/wp-content\/uploads\/2026\/03\/Cadre.png\",\"width\":800,\"height\":803},{\"@type\":\"BreadcrumbList\",\"@id\":\"https:\/\/stephengueye.com\/66\/#breadcrumb\",\"itemListElement\":[{\"@type\":\"ListItem\",\"position\":1,\"name\":\"Accueil\",\"item\":\"https:\/\/stephengueye.com\/66\/\"},{\"@type\":\"ListItem\",\"position\":2,\"name\":\"Accueil\"}]},{\"@type\":\"WebSite\",\"@id\":\"https:\/\/stephengueye.com\/66\/#website\",\"url\":\"https:\/\/stephengueye.com\/66\/\",\"name\":\"Stephen Gueye\",\"description\":\"Consultant &amp; formateur\",\"potentialAction\":[{\"@type\":\"SearchAction\",\"target\":{\"@type\":\"EntryPoint\",\"urlTemplate\":\"https:\/\/stephengueye.com\/66\/?s={search_term_string}\"},\"query-input\":{\"@type\":\"PropertyValueSpecification\",\"valueRequired\":true,\"valueName\":\"search_term_string\"}}],\"inLanguage\":\"fr-FR\"}]}<\/script>\n<!-- \/ Yoast SEO plugin. -->","yoast_head_json":{"title":"Accueil - Stephen Gueye","robots":{"index":"index","follow":"follow","max-snippet":"max-snippet:-1","max-image-preview":"max-image-preview:large","max-video-preview":"max-video-preview:-1"},"canonical":"https:\/\/stephengueye.com\/66\/","og_locale":"fr_FR","og_type":"article","og_title":"Accueil - Stephen Gueye","og_description":"Je fusionne mon activit\u00e9 de formateur consultant avec le site Altiora Formations dont l&rsquo;offre compl\u00e8te est assur\u00e9e par moi-m\u00eame et \u00e9galement par des partenaires experts dans leur domaines. Microsoft | Adobe | DigitalWebMarketing | Commerce | Management. Stephen Gueye Fevrier 2026","og_url":"https:\/\/stephengueye.com\/66\/","og_site_name":"Stephen Gueye","article_modified_time":"2026-03-19T15:52:22+00:00","og_image":[{"url":"http:\/\/stephengueye.com\/66\/wp-content\/uploads\/2026\/03\/Cadre.png","type":"","width":"","height":""}],"twitter_card":"summary_large_image","twitter_misc":{"Dur\u00e9e de lecture estim\u00e9e":"1 minute"},"schema":{"@context":"https:\/\/schema.org","@graph":[{"@type":"WebPage","@id":"https:\/\/stephengueye.com\/66\/","url":"https:\/\/stephengueye.com\/66\/","name":"Accueil - Stephen Gueye","isPartOf":{"@id":"https:\/\/stephengueye.com\/66\/#website"},"primaryImageOfPage":{"@id":"https:\/\/stephengueye.com\/66\/#primaryimage"},"image":{"@id":"https:\/\/stephengueye.com\/66\/#primaryimage"},"thumbnailUrl":"http:\/\/stephengueye.com\/66\/wp-content\/uploads\/2026\/03\/Cadre.png","datePublished":"2026-03-19T13:49:07+00:00","dateModified":"2026-03-19T15:52:22+00:00","breadcrumb":{"@id":"https:\/\/stephengueye.com\/66\/#breadcrumb"},"inLanguage":"fr-FR","potentialAction":[{"@type":"ReadAction","target":["https:\/\/stephengueye.com\/66\/"]}]},{"@type":"ImageObject","inLanguage":"fr-FR","@id":"https:\/\/stephengueye.com\/66\/#primaryimage","url":"https:\/\/stephengueye.com\/66\/wp-content\/uploads\/2026\/03\/Cadre.png","contentUrl":"https:\/\/stephengueye.com\/66\/wp-content\/uploads\/2026\/03\/Cadre.png","width":800,"height":803},{"@type":"BreadcrumbList","@id":"https:\/\/stephengueye.com\/66\/#breadcrumb","itemListElement":[{"@type":"ListItem","position":1,"name":"Accueil","item":"https:\/\/stephengueye.com\/66\/"},{"@type":"ListItem","position":2,"name":"Accueil"}]},{"@type":"WebSite","@id":"https:\/\/stephengueye.com\/66\/#website","url":"https:\/\/stephengueye.com\/66\/","name":"Stephen Gueye","description":"Consultant &amp; formateur","potentialAction":[{"@type":"SearchAction","target":{"@type":"EntryPoint","urlTemplate":"https:\/\/stephengueye.com\/66\/?s={search_term_string}"},"query-input":{"@type":"PropertyValueSpecification","valueRequired":true,"valueName":"search_term_string"}}],"inLanguage":"fr-FR"}]}},"_links":{"self":[{"href":"https:\/\/stephengueye.com\/66\/wp-json\/wp\/v2\/pages\/12374","targetHints":{"allow":["GET"]}}],"collection":[{"href":"https:\/\/stephengueye.com\/66\/wp-json\/wp\/v2\/pages"}],"about":[{"href":"https:\/\/stephengueye.com\/66\/wp-json\/wp\/v2\/types\/page"}],"author":[{"embeddable":true,"href":"https:\/\/stephengueye.com\/66\/wp-json\/wp\/v2\/users\/1"}],"replies":[{"embeddable":true,"href":"https:\/\/stephengueye.com\/66\/wp-json\/wp\/v2\/comments?post=12374"}],"version-history":[{"count":62,"href":"https:\/\/stephengueye.com\/66\/wp-json\/wp\/v2\/pages\/12374\/revisions"}],"predecessor-version":[{"id":12465,"href":"https:\/\/stephengueye.com\/66\/wp-json\/wp\/v2\/pages\/12374\/revisions\/12465"}],"wp:attachment":[{"href":"https:\/\/stephengueye.com\/66\/wp-json\/wp\/v2\/media?parent=12374"}],"curies":[{"name":"wp","href":"https:\/\/api.w.org\/{rel}","templated":true}]}}